{"id":3480,"date":"2025-02-10T10:29:40","date_gmt":"2025-02-10T10:29:40","guid":{"rendered":"https:\/\/cwfekplzyh.onrocket.site\/privacy-policy\/"},"modified":"2025-04-21T11:40:05","modified_gmt":"2025-04-21T11:40:05","slug":"politica-de-privacidade","status":"publish","type":"page","link":"https:\/\/boasafra.pt\/pt-pt\/politica-de-privacidade\/","title":{"rendered":"Pol\u00edtica de Privacidade"},"content":{"rendered":"[vc_row type=&#8221;full_width_background&#8221; full_screen_row_position=&#8221;middle&#8221; column_margin=&#8221;default&#8221; column_direction=&#8221;default&#8221; column_direction_tablet=&#8221;default&#8221; column_direction_phone=&#8221;default&#8221; scene_position=&#8221;center&#8221; top_padding=&#8221;2%&#8221; bottom_padding=&#8221;4%&#8221; left_padding_desktop=&#8221;8%&#8221; right_padding_desktop=&#8221;8%&#8221; text_color=&#8221;dark&#8221; text_align=&#8221;center&#8221; row_border_radius=&#8221;none&#8221; row_border_radius_applies=&#8221;bg&#8221; overflow=&#8221;visible&#8221; overlay_strength=&#8221;0.3&#8243; gradient_direction=&#8221;left_to_right&#8221; shape_divider_position=&#8221;bottom&#8221; bg_image_animation=&#8221;none&#8221; gradient_type=&#8221;default&#8221; shape_type=&#8221;&#8221;][vc_column column_padding=&#8221;no-extra-padding&#8221; column_padding_tablet=&#8221;inherit&#8221; column_padding_phone=&#8221;inherit&#8221; column_padding_position=&#8221;all&#8221; column_element_direction_desktop=&#8221;default&#8221; column_element_spacing=&#8221;default&#8221; desktop_text_alignment=&#8221;default&#8221; tablet_text_alignment=&#8221;default&#8221; phone_text_alignment=&#8221;default&#8221; background_color_opacity=&#8221;1&#8243; background_hover_color_opacity=&#8221;1&#8243; column_backdrop_filter=&#8221;none&#8221; column_shadow=&#8221;none&#8221; column_border_radius=&#8221;none&#8221; column_link_target=&#8221;_self&#8221; column_position=&#8221;default&#8221; gradient_direction=&#8221;left_to_right&#8221; overlay_strength=&#8221;0.3&#8243; width=&#8221;1\/1&#8243; tablet_width_inherit=&#8221;default&#8221; animation_type=&#8221;default&#8221; bg_image_animation=&#8221;none&#8221; border_type=&#8221;simple&#8221; column_border_width=&#8221;none&#8221; column_border_style=&#8221;solid&#8221;][vc_row_inner column_margin=&#8221;default&#8221; column_direction=&#8221;default&#8221; column_direction_tablet=&#8221;default&#8221; column_direction_phone=&#8221;default&#8221; text_align=&#8221;left&#8221; row_position=&#8221;default&#8221; row_position_tablet=&#8221;inherit&#8221; row_position_phone=&#8221;inherit&#8221; overflow=&#8221;visible&#8221; pointer_events=&#8221;all&#8221;][vc_column_inner column_padding=&#8221;no-extra-padding&#8221; column_padding_tablet=&#8221;inherit&#8221; column_padding_phone=&#8221;inherit&#8221; column_padding_position=&#8221;all&#8221; column_element_direction_desktop=&#8221;default&#8221; column_element_spacing=&#8221;default&#8221; desktop_text_alignment=&#8221;default&#8221; tablet_text_alignment=&#8221;default&#8221; phone_text_alignment=&#8221;default&#8221; background_color_opacity=&#8221;1&#8243; background_hover_color_opacity=&#8221;1&#8243; column_backdrop_filter=&#8221;none&#8221; column_shadow=&#8221;none&#8221; column_border_radius=&#8221;none&#8221; column_link_target=&#8221;_self&#8221; overflow=&#8221;visible&#8221; gradient_direction=&#8221;left_to_right&#8221; overlay_strength=&#8221;0.3&#8243; width=&#8221;1\/1&#8243; tablet_width_inherit=&#8221;default&#8221; animation_type=&#8221;default&#8221; bg_image_animation=&#8221;none&#8221; border_type=&#8221;simple&#8221; column_border_width=&#8221;none&#8221; column_border_style=&#8221;solid&#8221;][heading]Pol\u00edtica de Privacidade[\/heading][\/vc_column_inner][\/vc_row_inner][\/vc_column][\/vc_row][vc_row type=&#8221;full_width_background&#8221; full_screen_row_position=&#8221;middle&#8221; column_margin=&#8221;default&#8221; column_direction=&#8221;default&#8221; column_direction_tablet=&#8221;default&#8221; column_direction_phone=&#8221;default&#8221; scene_position=&#8221;center&#8221; top_padding=&#8221;2%&#8221; bottom_padding=&#8221;4%&#8221; left_padding_desktop=&#8221;8%&#8221; right_padding_desktop=&#8221;8%&#8221; text_color=&#8221;dark&#8221; text_align=&#8221;left&#8221; row_border_radius=&#8221;none&#8221; row_border_radius_applies=&#8221;bg&#8221; overflow=&#8221;visible&#8221; overlay_strength=&#8221;0.3&#8243; gradient_direction=&#8221;left_to_right&#8221; shape_divider_position=&#8221;bottom&#8221; bg_image_animation=&#8221;none&#8221; gradient_type=&#8221;default&#8221; shape_type=&#8221;&#8221;][vc_column column_padding=&#8221;no-extra-padding&#8221; column_padding_tablet=&#8221;inherit&#8221; column_padding_phone=&#8221;inherit&#8221; column_padding_position=&#8221;all&#8221; column_element_direction_desktop=&#8221;default&#8221; column_element_spacing=&#8221;default&#8221; desktop_text_alignment=&#8221;default&#8221; tablet_text_alignment=&#8221;default&#8221; phone_text_alignment=&#8221;default&#8221; background_color_opacity=&#8221;1&#8243; background_hover_color_opacity=&#8221;1&#8243; column_backdrop_filter=&#8221;none&#8221; column_shadow=&#8221;none&#8221; column_border_radius=&#8221;none&#8221; column_link_target=&#8221;_self&#8221; column_position=&#8221;default&#8221; gradient_direction=&#8221;left_to_right&#8221; overlay_strength=&#8221;0.3&#8243; width=&#8221;1\/1&#8243; tablet_width_inherit=&#8221;default&#8221; animation_type=&#8221;default&#8221; bg_image_animation=&#8221;none&#8221; border_type=&#8221;simple&#8221; column_border_width=&#8221;none&#8221; column_border_style=&#8221;solid&#8221;][vc_row_inner column_margin=&#8221;default&#8221; column_direction=&#8221;default&#8221; column_direction_tablet=&#8221;default&#8221; column_direction_phone=&#8221;default&#8221; text_align=&#8221;left&#8221; row_position=&#8221;default&#8221; row_position_tablet=&#8221;inherit&#8221; row_position_phone=&#8221;inherit&#8221; overflow=&#8221;visible&#8221; pointer_events=&#8221;all&#8221;][vc_column_inner column_padding=&#8221;no-extra-padding&#8221; column_padding_tablet=&#8221;inherit&#8221; column_padding_phone=&#8221;inherit&#8221; column_padding_position=&#8221;all&#8221; column_element_direction_desktop=&#8221;default&#8221; column_element_spacing=&#8221;default&#8221; desktop_text_alignment=&#8221;default&#8221; tablet_text_alignment=&#8221;default&#8221; phone_text_alignment=&#8221;default&#8221; background_color_opacity=&#8221;1&#8243; background_hover_color_opacity=&#8221;1&#8243; column_backdrop_filter=&#8221;none&#8221; column_shadow=&#8221;none&#8221; column_border_radius=&#8221;none&#8221; column_link_target=&#8221;_self&#8221; overflow=&#8221;visible&#8221; gradient_direction=&#8221;left_to_right&#8221; overlay_strength=&#8221;0.3&#8243; width=&#8221;1\/1&#8243; tablet_width_inherit=&#8221;default&#8221; animation_type=&#8221;default&#8221; bg_image_animation=&#8221;none&#8221; border_type=&#8221;simple&#8221; column_border_width=&#8221;none&#8221; column_border_style=&#8221;solid&#8221;][vc_column_text css=&#8221;&#8221; text_direction=&#8221;default&#8221;]<em>\u00daltima atualiza\u00e7\u00e3o: 2025.02.10<\/em><\/p>\n<h4>1. Introdu\u00e7\u00e3o<\/h4>\n<p>A presente Pol\u00edtica de Privacidade explica como a Boa Safra Lda. (referida como \u201cn\u00f3s\u201d, \u201cnos\u201d ou \u201cnosso\u201d) recolhe, processa e protege os dados pessoais dos utilizadores e clientes do s\u00edtio Web, em conformidade com o Regulamento Geral sobre a Prote\u00e7\u00e3o de Dados (RGPD) da UE (Regulamento (UE) 2016\/679) e com a legisla\u00e7\u00e3o portuguesa em mat\u00e9ria de prote\u00e7\u00e3o de dados.<\/p>\n<h4>2. Respons\u00e1vel pelo tratamento de dados e informa\u00e7\u00f5es de contacto<\/h4>\n<p>O Controlador de Dados respons\u00e1vel pelo tratamento dos seus dados pessoais \u00e9:<\/p>\n<p>Boa Safra Lda.<br \/>\nRua 28 de janeiro, no 35<br \/>\nParque do Candal &#8211; Fra\u00e7\u00e3o S-19<br \/>\n4400-335 Vila Nova de Gaia, Portugal<br \/>\nIVA 509054374<br \/>\nCorreio eletr\u00f3nico: <a href=\"mailto:info@boasafra.pt\" target=\"_blank\" rel=\"noopener\">info@boasafra.pt<\/a><\/p>\n<p>Se tiver d\u00favidas sobre a forma como processamos os seus dados, contacte-nos atrav\u00e9s do endere\u00e7o info@boasafra.pt<\/p>\n<h4>3. Dados pessoais que recolhemos<\/h4>\n<p>Recolhemos e processamos os seguintes dados pessoais:<\/p>\n<p>A. Dados fornecidos diretamente pelo utilizador<\/p>\n<ul>\n<li>Nome, endere\u00e7o de correio eletr\u00f3nico, n\u00famero de telefone<\/li>\n<li>Endere\u00e7os de envio e de fatura\u00e7\u00e3o<\/li>\n<li>Dados de pagamento (processados de forma segura por fornecedores terceiros)<\/li>\n<li>Credenciais de in\u00edcio de sess\u00e3o da conta (para profissionais)<\/li>\n<li>Comunica\u00e7\u00e3o com o apoio ao cliente<\/li>\n<\/ul>\n<p>B. Dados recolhidos automaticamente<\/p>\n<ul>\n<li>Endere\u00e7o IP e identificadores de dispositivos<\/li>\n<li>Tipo de browser, sistema operativo e dados de navega\u00e7\u00e3o no s\u00edtio Web<\/li>\n<li>Cookies e tecnologias de rastreio (ver a nossa Pol\u00edtica de Cookies)<\/li>\n<\/ul>\n<p>C. Dados de terceiros<\/p>\n<ul>\n<li>Dados de fornecedores de servi\u00e7os de pagamento<\/li>\n<li>Informa\u00e7\u00f5es de redes sociais (se iniciar sess\u00e3o utilizando uma conta social)<\/li>\n<\/ul>\n<h4>4. Base jur\u00eddica para o tratamento de dados pessoais<\/h4>\n<p>Processamos os dados pessoais ao abrigo das seguintes bases legais:<\/p>\n<ul>\n<li>Necessidade contratual: Para cumprir as encomendas de produtos e prestar servi\u00e7os.<\/li>\n<li>Interesses leg\u00edtimos: Apoio ao cliente, preven\u00e7\u00e3o de fraudes e melhoria do servi\u00e7o.<\/li>\n<li>Consentimento: Para marketing direto e cookies (o utilizador pode retirar o consentimento em qualquer altura).<\/li>\n<\/ul>\n<h4>5. Como utilizamos os seus dados<\/h4>\n<p>Utilizamos os seus dados pessoais para:<\/p>\n<ul>\n<li>Processamento e entrega de encomendas<\/li>\n<li>Apoio ao cliente e gest\u00e3o de contas<\/li>\n<li>Personaliza\u00e7\u00e3o da experi\u00eancia no s\u00edtio Web e marketing<\/li>\n<li>Cumprimento de obriga\u00e7\u00f5es legais (por exemplo, regulamentos fiscais e contabil\u00edsticos)<\/li>\n<\/ul>\n<h4>6. Reten\u00e7\u00e3o de dados<\/h4>\n<p>Armazenamos os dados pessoais apenas durante o tempo necess\u00e1rio para:<\/p>\n<ul>\n<li>Registos de encomendas e do servi\u00e7o de apoio ao cliente: 5 anos (requisito legal)<\/li>\n<li>Comunica\u00e7\u00f5es de marketing: At\u00e9 o utilizador retirar o consentimento<\/li>\n<li>Registos contabil\u00edsticos e fiscais: 10 anos (requisito legal)<\/li>\n<\/ul>\n<h4>7. Partilha de dados e transfer\u00eancias internacionais<\/h4>\n<p>N\u00e3o vendemos os seus dados. No entanto, partilhamo-los com:<\/p>\n<ul>\n<li>Processadores de pagamentos<\/li>\n<li>Parceiros log\u00edsticos (empresas de transporte)<\/li>\n<li>Fornecedores de marketing e an\u00e1lise (Google, Meta, etc.)<\/li>\n<li>Se os dados forem transferidos para fora da UE\/EEE, garantimos a conformidade atrav\u00e9s de Cl\u00e1usulas Contratuais-tipo (CCP) ou de transfer\u00eancias para pa\u00edses com uma decis\u00e3o de adequa\u00e7\u00e3o da UE.<\/li>\n<\/ul>\n<h4>8. Os seus direitos<\/h4>\n<p>Nos termos do RGPD, o utilizador tem os seguintes direitos<\/p>\n<ul>\n<li>Aceder aos seus dados pessoais<\/li>\n<li>Corrigir dados inexactos<\/li>\n<li>Eliminar os seus dados (\u201cDireito a ser esquecido\u201d)<\/li>\n<li>Restringir ou opor-se ao processamento<\/li>\n<li>Retirar o consentimento para marketing em qualquer altura<\/li>\n<li>Pedir a portabilidade dos dados<\/li>\n<li>Para exercer estes direitos, contacte-nos atrav\u00e9s do endere\u00e7o <a href=\"mailto:info@boasafra.pt\" target=\"_blank\" rel=\"noopener\">info@boasafra.pt<\/a><\/li>\n<\/ul>\n<p>Se considerar que estamos a processar os seus dados de forma ilegal, pode apresentar uma queixa junto de:<br \/>\nComiss\u00e3o Nacional de Prote\u00e7\u00e3o de Dados (CNPD) &#8211; <a href=\"https:\/\/www.cnpd.pt\" target=\"_blank\" rel=\"noopener\">https:\/\/www.cnpd.pt<\/a><\/p>\n<h4>9. Cookies e rastreio<\/h4>\n<p>Utilizamos cookies para a funcionalidade e o marketing do s\u00edtio Web. Consulte a nossa Pol\u00edtica de Cookies para gerir as suas prefer\u00eancias.<\/p>\n<h4>10. Medidas de seguran\u00e7a<\/h4>\n<p>Implementamos medidas de seguran\u00e7a padr\u00e3o da ind\u00fastria para proteger os seus dados contra acesso n\u00e3o autorizado, perda ou uso indevido.<\/p>\n<h4>11. Actualiza\u00e7\u00f5es a esta Pol\u00edtica de Privacidade<\/h4>\n<p>Podemos atualizar esta pol\u00edtica. Quaisquer altera\u00e7\u00f5es ser\u00e3o publicadas nesta p\u00e1gina com uma data atualizada de \u201c\u00daltima atualiza\u00e7\u00e3o\u201d.[\/vc_column_text][\/vc_column_inner][\/vc_row_inner][\/vc_column][\/vc_row]\n","protected":false},"excerpt":{"rendered":"<p>[vc_row type=&#8221;full_width_background&#8221; full_screen_row_position=&#8221;middle&#8221; column_margin=&#8221;default&#8221; column_direction=&#8221;default&#8221; column_direction_tablet=&#8221;default&#8221; column_direction_phone=&#8221;default&#8221; scene_position=&#8221;center&#8221; top_padding=&#8221;2%&#8221; bottom_padding=&#8221;4%&#8221; left_padding_desktop=&#8221;8%&#8221; right_padding_desktop=&#8221;8%&#8221; text_color=&#8221;dark&#8221; text_align=&#8221;center&#8221; row_border_radius=&#8221;none&#8221; row_border_radius_applies=&#8221;bg&#8221; overflow=&#8221;visible&#8221; overlay_strength=&#8221;0.3&#8243; gradient_direction=&#8221;left_to_right&#8221; shape_divider_position=&#8221;bottom&#8221; bg_image_animation=&#8221;none&#8221; gradient_type=&#8221;default&#8221; shape_type=&#8221;&#8221;][vc_column column_padding=&#8221;no-extra-padding&#8221; column_padding_tablet=&#8221;inherit&#8221; column_padding_phone=&#8221;inherit&#8221; column_padding_position=&#8221;all&#8221; column_element_direction_desktop=&#8221;default&#8221; column_element_spacing=&#8221;default&#8221; desktop_text_alignment=&#8221;default&#8221;&#8230;<\/p>\n","protected":false},"author":1,"featured_media":0,"parent":0,"menu_order":0,"comment_status":"closed","ping_status":"closed","template":"","meta":{"footnotes":""},"class_list":["post-3480","page","type-page","status-publish"],"jetpack_sharing_enabled":true,"_links":{"self":[{"href":"https:\/\/boasafra.pt\/pt-pt\/wp-json\/wp\/v2\/pages\/3480","targetHints":{"allow":["GET"]}}],"collection":[{"href":"https:\/\/boasafra.pt\/pt-pt\/wp-json\/wp\/v2\/pages"}],"about":[{"href":"https:\/\/boasafra.pt\/pt-pt\/wp-json\/wp\/v2\/types\/page"}],"author":[{"embeddable":true,"href":"https:\/\/boasafra.pt\/pt-pt\/wp-json\/wp\/v2\/users\/1"}],"replies":[{"embeddable":true,"href":"https:\/\/boasafra.pt\/pt-pt\/wp-json\/wp\/v2\/comments?post=3480"}],"version-history":[{"count":3,"href":"https:\/\/boasafra.pt\/pt-pt\/wp-json\/wp\/v2\/pages\/3480\/revisions"}],"predecessor-version":[{"id":3484,"href":"https:\/\/boasafra.pt\/pt-pt\/wp-json\/wp\/v2\/pages\/3480\/revisions\/3484"}],"wp:attachment":[{"href":"https:\/\/boasafra.pt\/pt-pt\/wp-json\/wp\/v2\/media?parent=3480"}],"curies":[{"name":"wp","href":"https:\/\/api.w.org\/{rel}","templated":true}]}}