{"id":3485,"date":"2025-01-28T14:51:22","date_gmt":"2025-01-28T14:51:22","guid":{"rendered":"https:\/\/cwfekplzyh.onrocket.site\/shipping-conditions-return-and-exchange-policy\/"},"modified":"2025-04-21T11:48:31","modified_gmt":"2025-04-21T11:48:31","slug":"condicoes-de-envio","status":"publish","type":"page","link":"https:\/\/boasafra.pt\/pt-pt\/condicoes-de-envio\/","title":{"rendered":"Condi\u00e7\u00f5es de envio"},"content":{"rendered":"[vc_row type=&#8221;in_container&#8221; full_screen_row_position=&#8221;middle&#8221; column_margin=&#8221;default&#8221; column_direction=&#8221;default&#8221; column_direction_tablet=&#8221;default&#8221; column_direction_phone=&#8221;default&#8221; scene_position=&#8221;center&#8221; text_color=&#8221;dark&#8221; text_align=&#8221;left&#8221; row_border_radius=&#8221;none&#8221; row_border_radius_applies=&#8221;bg&#8221; overflow=&#8221;visible&#8221; overlay_strength=&#8221;0.3&#8243; gradient_direction=&#8221;left_to_right&#8221; shape_divider_position=&#8221;bottom&#8221; bg_image_animation=&#8221;none&#8221;][vc_column column_padding=&#8221;no-extra-padding&#8221; column_padding_tablet=&#8221;inherit&#8221; column_padding_phone=&#8221;inherit&#8221; column_padding_position=&#8221;all&#8221; column_element_direction_desktop=&#8221;default&#8221; column_element_spacing=&#8221;default&#8221; desktop_text_alignment=&#8221;default&#8221; tablet_text_alignment=&#8221;default&#8221; phone_text_alignment=&#8221;default&#8221; background_color_opacity=&#8221;1&#8243; background_hover_color_opacity=&#8221;1&#8243; column_backdrop_filter=&#8221;none&#8221; column_shadow=&#8221;none&#8221; column_border_radius=&#8221;none&#8221; column_link_target=&#8221;_self&#8221; column_position=&#8221;default&#8221; gradient_direction=&#8221;left_to_right&#8221; overlay_strength=&#8221;0.3&#8243; width=&#8221;1\/1&#8243; tablet_width_inherit=&#8221;default&#8221; animation_type=&#8221;default&#8221; bg_image_animation=&#8221;none&#8221; border_type=&#8221;simple&#8221; column_border_width=&#8221;none&#8221; column_border_style=&#8221;solid&#8221;][vc_column_text css=&#8221;&#8221; text_direction=&#8221;default&#8221;]\n<h2><strong>Condi\u00e7\u00f5es de envio<\/strong><\/h2>\n<p><strong>Prazo de Entrega<\/strong><\/p>\n<p><strong>Prazos de Envio<\/strong><br \/>\nOs prazos de envio s\u00e3o comunicados no momento da confirma\u00e7\u00e3o da encomenda e variam consoante o tipo de produto, o n\u00edvel de personaliza\u00e7\u00e3o e o local de entrega. Atrasos resultantes de fatores externos \u00e0 nossa empresa (como desastres naturais ou problemas com transportadoras) ser\u00e3o comunicados de imediato, mas n\u00e3o ser\u00e3o da nossa responsabilidade.<\/p>\n<p><strong>Prazo de entrega estimado<\/strong><br \/>\nO prazo de entrega estimado \u00e9 de 8 semanas.<\/p>\n<p><strong>Processo de entrega<\/strong><br \/>\nO cliente \u00e9 respons\u00e1vel por garantir que o endere\u00e7o de entrega fornecido no momento da compra \u00e9 exato.<\/p>\n<p>No momento da entrega, o cliente deve inspecionar o produto para verificar se existem danos vis\u00edveis e comunicar quaisquer problemas \u00e0 equipa de entrega antes de assinar o recibo de entrega.<\/p>\n<h2>Pol\u00edtica e Pre\u00e7os de Transporte e Instala\u00e7\u00e3o<\/h2>\n<p>O valor de transporte \u00e9 calculado com base no tamanho, peso e destino de entrega do produto. Quaisquer encargos adicionais para servi\u00e7os de entrega especializados ser\u00e3o comunicados antes do envio.<\/p>\n<p><strong>Portugal (Continente)<\/strong><br \/>\nCusto de entrega porta-a-porta: 10% do valor da encomenda.<br \/>\nTaxa m\u00ednima de entrega: 40 euros<br \/>\nTaxa m\u00e1xima de entrega: 250\u20ac<\/p>\n<p><strong>Zona 1 &#8211; Espanha (Continente)<\/strong><br \/>\nCusto de entrega porta-a-porta: 15% do valor da encomenda.<br \/>\nTaxa m\u00ednima de entrega: 50 euros<br \/>\nTaxa m\u00e1xima de entrega: 300 euros<\/p>\n<p><strong>Zona 2 &#8211; Fran\u00e7a, Luxemburgo, B\u00e9lgica<\/strong><br \/>\nCusto de entrega porta-a-porta: 25% do valor da encomenda.<br \/>\nTaxa m\u00ednima de entrega: 60 euros<br \/>\nTaxa m\u00e1xima de entrega: 350 euros<\/p>\n<p><strong>Zona 3 &#8211; Alemanha, \u00c1ustria, Pa\u00edses Baixos, It\u00e1lia<\/strong><br \/>\nCusto de entrega porta-a-porta: 35% do valor da encomenda.<br \/>\nTaxa m\u00ednima de entrega: 60 euros<br \/>\nTaxa m\u00e1xima de entrega: 400 euros<\/p>\n<p><strong>Informa\u00e7\u00f5es adicionais<\/strong><br \/>\nSe a entrega na sua localidade n\u00e3o estiver dispon\u00edvel, contacte-nos para obter mais informa\u00e7\u00f5es e um or\u00e7amento personalizado.<br \/>\nA entrega \u00e9 efetuada porta a porta, excluindo a instala\u00e7\u00e3o. Os artigos s\u00e3o normalmente enviados pr\u00e9-montados, exceto no caso de determinados produtos, como camas ou mesas, que requerem uma montagem simples.<br \/>\nPara mais informa\u00e7\u00f5es, consulte a p\u00e1gina do produto espec\u00edfico no site ou envie email para <a href=\"mailto:info@boasafra.pt\" target=\"_blank\" rel=\"noopener\">info@boasafra.pt<\/a><\/p>\n<p><strong>Instala\u00e7\u00e3o<\/strong><br \/>\n\u00c1reas metropolitanas do Porto, Lisboa e Vigo: Servi\u00e7o de instala\u00e7\u00e3o gratuito, incluindo ajustes e afina\u00e7\u00f5es do produto.<br \/>\nPara instala\u00e7\u00e3o noutras localidades, por favor contacte a Boa Safra para obter um or\u00e7amento.<\/p>\n<p><strong>Op\u00e7\u00e3o de Recolha<\/strong><br \/>\nPoder\u00e1 optar por recolher a sua encomenda diretamente nas nossas instala\u00e7\u00f5es, sem custos adicionais de envio.<\/p>\n<p><strong>Risco de perda<\/strong><br \/>\nO risco de perdas e danos \u00e9 transferido para o cliente ap\u00f3s a entrega bem sucedida no endere\u00e7o especificado.<\/p>\n<h2>Pol\u00edtica de devolu\u00e7\u00e3o e troca<\/h2>\n<p><strong>Produtos personalizados<\/strong><br \/>\nN\u00e3o s\u00e3o aceites devolu\u00e7\u00f5es dos produtos personalizados. Os produtos personalizados s\u00e3o feitos \u00e0 medida das especifica\u00e7\u00f5es do cliente e n\u00e3o podem ser devolvidos, exceto se apresentarem um defeito de fabrico. Os clientes aprovam o design e o contrato antes do in\u00edcio da produ\u00e7\u00e3o. As encomendas n\u00e3o podem ser canceladas ou modificadas ap\u00f3s o in\u00edcio da produ\u00e7\u00e3o.<\/p>\n<p><strong>Defeitos de fabrico<\/strong><br \/>\nSe for identificado um defeito de fabrico, os clientes devem notificar a empresa no prazo de 7 dias ap\u00f3s a entrega.<br \/>\nDevem ser apresentadas provas do defeito (por exemplo, fotografias, v\u00eddeos) para an\u00e1lise. Se for confirmado um defeito, a empresa oferecer\u00e1 uma das seguintes solu\u00e7\u00f5es:<\/p>\n<p><strong>Repara\u00e7\u00e3o do produto defeituoso<\/strong><br \/>\nSubstitui\u00e7\u00e3o do produto defeituoso.<br \/>\nReembolso do pre\u00e7o de compra, ao crit\u00e9rio da empresa.<\/p>\n<p><strong>Danos durante o transporte<\/strong><br \/>\nOs produtos danificados durante o transporte devem ser comunicados no prazo de 48 horas ap\u00f3s a entrega. A empresa trabalhar\u00e1 com o fornecedor de transporte para resolver essas reclama\u00e7\u00f5es.<\/p>\n<p><strong>Elegibilidade para troca<\/strong><br \/>\nAs trocas s\u00f3 s\u00e3o aplic\u00e1veis em caso de defeitos de fabrico ou de entrega incorrecta do produto. N\u00e3o s\u00e3o permitidas trocas de produtos que correspondam ao projeto e \u00e0s especifica\u00e7\u00f5es aprovadas.<\/p>\n<h2>Condi\u00e7\u00f5es gerais<\/h2>\n<p><strong>Processo de devolu\u00e7\u00e3o e troca<\/strong><br \/>\nTodos os pedidos de devolu\u00e7\u00e3o ou troca devem ser enviados por escrito para [inserir informa\u00e7\u00f5es de contacto].<br \/>\nOs produtos n\u00e3o devem ser utilizados, devem estar na embalagem original e incluir todos os acess\u00f3rios e documenta\u00e7\u00e3o para que as devolu\u00e7\u00f5es sejam consideradas.<\/p>\n<p><strong>Reembolsos<\/strong><br \/>\nOs reembolsos, se aplic\u00e1veis, ser\u00e3o processados no prazo de 10 a 14 dias \u00fateis ap\u00f3s a aprova\u00e7\u00e3o.<\/p>\n<p><strong>Exclus\u00f5es<\/strong><br \/>\nO desgaste normal, a utiliza\u00e7\u00e3o incorrecta ou os danos provocados por uma manuten\u00e7\u00e3o ou montagem inadequadas por parte do cliente n\u00e3o est\u00e3o cobertos por esta pol\u00edtica.<\/p>\n<p>Para quest\u00f5es ou assist\u00eancia, contacte a nossa equipa de apoio ao cliente atrav\u00e9s do endere\u00e7o <a href=\"mailto:info@boasafra.pt\" target=\"_blank\" rel=\"noopener\">info@boasafra.pt<\/a>[\/vc_column_text][\/vc_column][\/vc_row]\n","protected":false},"excerpt":{"rendered":"<p>[vc_row type=&#8221;in_container&#8221; full_screen_row_position=&#8221;middle&#8221; column_margin=&#8221;default&#8221; column_direction=&#8221;default&#8221; column_direction_tablet=&#8221;default&#8221; column_direction_phone=&#8221;default&#8221; scene_position=&#8221;center&#8221; text_color=&#8221;dark&#8221; text_align=&#8221;left&#8221; row_border_radius=&#8221;none&#8221; row_border_radius_applies=&#8221;bg&#8221; overflow=&#8221;visible&#8221; overlay_strength=&#8221;0.3&#8243; gradient_direction=&#8221;left_to_right&#8221; shape_divider_position=&#8221;bottom&#8221; bg_image_animation=&#8221;none&#8221;][vc_column column_padding=&#8221;no-extra-padding&#8221; column_padding_tablet=&#8221;inherit&#8221; column_padding_phone=&#8221;inherit&#8221; column_padding_position=&#8221;all&#8221; column_element_direction_desktop=&#8221;default&#8221; column_element_spacing=&#8221;default&#8221; desktop_text_alignment=&#8221;default&#8221; tablet_text_alignment=&#8221;default&#8221; phone_text_alignment=&#8221;default&#8221; background_color_opacity=&#8221;1&#8243; background_hover_color_opacity=&#8221;1&#8243; column_backdrop_filter=&#8221;none&#8221; column_shadow=&#8221;none&#8221;&#8230;<\/p>\n","protected":false},"author":1,"featured_media":0,"parent":0,"menu_order":0,"comment_status":"closed","ping_status":"closed","template":"","meta":{"footnotes":""},"class_list":["post-3485","page","type-page","status-publish"],"jetpack_sharing_enabled":true,"_links":{"self":[{"href":"https:\/\/boasafra.pt\/pt-pt\/wp-json\/wp\/v2\/pages\/3485","targetHints":{"allow":["GET"]}}],"collection":[{"href":"https:\/\/boasafra.pt\/pt-pt\/wp-json\/wp\/v2\/pages"}],"about":[{"href":"https:\/\/boasafra.pt\/pt-pt\/wp-json\/wp\/v2\/types\/page"}],"author":[{"embeddable":true,"href":"https:\/\/boasafra.pt\/pt-pt\/wp-json\/wp\/v2\/users\/1"}],"replies":[{"embeddable":true,"href":"https:\/\/boasafra.pt\/pt-pt\/wp-json\/wp\/v2\/comments?post=3485"}],"version-history":[{"count":1,"href":"https:\/\/boasafra.pt\/pt-pt\/wp-json\/wp\/v2\/pages\/3485\/revisions"}],"predecessor-version":[{"id":3486,"href":"https:\/\/boasafra.pt\/pt-pt\/wp-json\/wp\/v2\/pages\/3485\/revisions\/3486"}],"wp:attachment":[{"href":"https:\/\/boasafra.pt\/pt-pt\/wp-json\/wp\/v2\/media?parent=3485"}],"curies":[{"name":"wp","href":"https:\/\/api.w.org\/{rel}","templated":true}]}}