{"id":3504,"date":"2024-12-05T10:27:44","date_gmt":"2024-12-05T10:27:44","guid":{"rendered":"https:\/\/cwfekplzyh.onrocket.site\/meet-the-designers\/"},"modified":"2025-05-21T15:24:51","modified_gmt":"2025-05-21T15:24:51","slug":"designers","status":"publish","type":"page","link":"https:\/\/boasafra.pt\/pt-pt\/designers\/","title":{"rendered":"Designers"},"content":{"rendered":"[vc_row type=&#8221;full_width_background&#8221; full_screen_row_position=&#8221;middle&#8221; column_margin=&#8221;default&#8221; column_direction=&#8221;default&#8221; column_direction_tablet=&#8221;default&#8221; column_direction_phone=&#8221;default&#8221; scene_position=&#8221;center&#8221; top_padding=&#8221;6%&#8221; bottom_padding=&#8221;6%&#8221; left_padding_desktop=&#8221;8%&#8221; right_padding_desktop=&#8221;8%&#8221; text_color=&#8221;dark&#8221; text_align=&#8221;left&#8221; row_border_radius=&#8221;none&#8221; row_border_radius_applies=&#8221;bg&#8221; overflow=&#8221;visible&#8221; overlay_strength=&#8221;0.3&#8243; gradient_direction=&#8221;left_to_right&#8221; shape_divider_position=&#8221;bottom&#8221; bg_image_animation=&#8221;none&#8221; shape_type=&#8221;&#8221; gradient_type=&#8221;default&#8221;][vc_column column_padding=&#8221;no-extra-padding&#8221; column_padding_tablet=&#8221;inherit&#8221; column_padding_phone=&#8221;inherit&#8221; column_padding_position=&#8221;all&#8221; column_element_direction_desktop=&#8221;default&#8221; column_element_spacing=&#8221;default&#8221; desktop_text_alignment=&#8221;default&#8221; tablet_text_alignment=&#8221;default&#8221; phone_text_alignment=&#8221;default&#8221; background_color_opacity=&#8221;1&#8243; background_hover_color_opacity=&#8221;1&#8243; column_backdrop_filter=&#8221;none&#8221; column_shadow=&#8221;none&#8221; column_border_radius=&#8221;none&#8221; column_link_target=&#8221;_self&#8221; column_position=&#8221;default&#8221; gradient_direction=&#8221;left_to_right&#8221; overlay_strength=&#8221;0.3&#8243; width=&#8221;1\/1&#8243; tablet_width_inherit=&#8221;default&#8221; animation_type=&#8221;default&#8221; bg_image_animation=&#8221;none&#8221; border_type=&#8221;simple&#8221; column_border_width=&#8221;none&#8221; column_border_style=&#8221;solid&#8221;][divider line_type=&#8221;No Line&#8221; custom_height=&#8221;30&#8243;][vc_row_inner column_margin=&#8221;none&#8221; column_direction=&#8221;default&#8221; column_direction_tablet=&#8221;default&#8221; column_direction_phone=&#8221;default&#8221; bottom_padding=&#8221;7%&#8221; text_align=&#8221;left&#8221; row_position=&#8221;default&#8221; row_position_tablet=&#8221;inherit&#8221; row_position_phone=&#8221;inherit&#8221; overflow=&#8221;visible&#8221; pointer_events=&#8221;all&#8221;][vc_column_inner column_padding=&#8221;no-extra-padding&#8221; column_padding_tablet=&#8221;inherit&#8221; column_padding_phone=&#8221;inherit&#8221; column_padding_position=&#8221;all&#8221; column_element_direction_desktop=&#8221;default&#8221; column_element_spacing=&#8221;default&#8221; desktop_text_alignment=&#8221;default&#8221; tablet_text_alignment=&#8221;default&#8221; phone_text_alignment=&#8221;default&#8221; background_color_opacity=&#8221;1&#8243; background_hover_color_opacity=&#8221;1&#8243; column_backdrop_filter=&#8221;none&#8221; column_shadow=&#8221;none&#8221; column_border_radius=&#8221;none&#8221; column_link_target=&#8221;_self&#8221; overflow=&#8221;visible&#8221; gradient_direction=&#8221;left_to_right&#8221; overlay_strength=&#8221;0.3&#8243; width=&#8221;1\/1&#8243; tablet_width_inherit=&#8221;default&#8221; animation_type=&#8221;default&#8221; bg_image_animation=&#8221;none&#8221; border_type=&#8221;simple&#8221; column_border_width=&#8221;none&#8221; column_border_style=&#8221;solid&#8221;][split_line_heading animation_type=&#8221;line-reveal-by-space&#8221; font_style=&#8221;h2&#8243; line_reveal_by_space_text_effect=&#8221;default&#8221; content_alignment=&#8221;center&#8221; mobile_content_alignment=&#8221;inherit&#8221; link_target=&#8221;_self&#8221; text_content=&#8221;Designers&#8221; max_width=&#8221;550&#8243; text_direction=&#8221;default&#8221;]\n<h2><\/h2>\n[\/split_line_heading][\/vc_column_inner][\/vc_row_inner][vc_row_inner column_margin=&#8221;80px&#8221; column_direction=&#8221;default&#8221; column_direction_tablet=&#8221;default&#8221; column_direction_phone=&#8221;default&#8221; text_align=&#8221;left&#8221; row_position=&#8221;default&#8221; row_position_tablet=&#8221;inherit&#8221; row_position_phone=&#8221;inherit&#8221; overflow=&#8221;visible&#8221; pointer_events=&#8221;all&#8221;][vc_column_inner column_padding=&#8221;padding-4-percent&#8221; column_padding_tablet=&#8221;inherit&#8221; column_padding_phone=&#8221;inherit&#8221; column_padding_position=&#8221;top-bottom&#8221; column_element_direction_desktop=&#8221;default&#8221; column_element_spacing=&#8221;default&#8221; desktop_text_alignment=&#8221;default&#8221; tablet_text_alignment=&#8221;default&#8221; phone_text_alignment=&#8221;default&#8221; background_color_opacity=&#8221;1&#8243; background_hover_color_opacity=&#8221;1&#8243; column_backdrop_filter=&#8221;none&#8221; column_shadow=&#8221;none&#8221; column_border_radius=&#8221;none&#8221; column_link_target=&#8221;_self&#8221; overflow=&#8221;visible&#8221; gradient_direction=&#8221;left_to_right&#8221; overlay_strength=&#8221;0.3&#8243; width=&#8221;1\/3&#8243; tablet_width_inherit=&#8221;default&#8221; animation_type=&#8221;default&#8221; enable_animation=&#8221;true&#8221; animation=&#8221;fade-in-from-bottom&#8221; animation_easing=&#8221;default&#8221; bg_image_animation=&#8221;none&#8221; border_type=&#8221;simple&#8221; column_border_width=&#8221;none&#8221; column_border_style=&#8221;solid&#8221; delay=&#8221;50&#8243;][team_member image_url=&#8221;1759&#8243; bio_alt_image_url=&#8221;1759&#8243; team_memeber_style=&#8221;bio_fullscreen_alt&#8221; image_loading=&#8221;lazy-load&#8221; team_member_bio_full_html=&#8221;simple&#8221; name=&#8221;Magda Pereira&#8221; team_member_mini_bio=&#8221;Nasceu em Lisboa, em 1974 \u2014 ano e lugar de uma revolu\u00e7\u00e3o. Talvez por isso, nunca quis fazer as coisas da forma \u201ccerta\u201d.<br \/>\nCome\u00e7ou por criar, com mais 6 designers, uma marca de mobili\u00e1rio, a Bombaamor \u2014 ousada, inovadora e rara no panorama portugu\u00eas da \u00e9poca. A Bombaamor viveu 10 anos, explodiu e desapareceu com a chegada do IKEA a Portugal.&#8221; team_member_bio=&#8221;Nasceu em Lisboa, em 1974 \u2014 ano e lugar de uma revolu\u00e7\u00e3o. Talvez por isso, nunca quis fazer as coisas da forma \u201ccerta\u201d.<br \/>\nCome\u00e7ou por criar, com mais 6 designers, uma marca de mobili\u00e1rio, a Bombaamor \u2014 ousada, inovadora e rara no panorama portugu\u00eas da \u00e9poca. A Bombaamor viveu 10 anos, explodiu e desapareceu com a chegada do IKEA a Portugal.<br \/>\nO trabalho sempre foi uma forma de divers\u00e3o, por isso reune pessoas de quem gosta, \u00e0 volta de projectos criativos, como foi o LISBON ID, uma feira que juntou designers, marcas, fabricantes e materiais no mesmo espa\u00e7o. Foi nesse ambiente colaborativo que come\u00e7ou a nascer a Boa Safra.<br \/>\nEm 2010, foi convidada a integrar a equipa fundadora da marca, onde desde ent\u00e3o \u00e9 Directora Criativa. O seu trabalho vai para al\u00e9m do design de mobili\u00e1rio, desenvolve tamb\u00e9m projectos de design gr\u00e1fico, direc\u00e7\u00e3o criativa e conceitos para marcas e produtos.<br \/>\nDesde sempre, a sua vontade \u00e9 tornar as coisas \u00fateis mais bonitas e portadoras de mensagens que considera importantes no contexto das nossas vidas \u2014 procurando a beleza no lado pr\u00e1tico da vida e ajudando as pessoas a sentirem-se melhor nos espa\u00e7os que habitam.<\/p>\n<p>\u2018Gosto de pensar que a est\u00e9tica, tal como os sonhos e a esperan\u00e7a, \u00e9 uma fun\u00e7\u00e3o essencial da vida. Que nos orienta e nos define.\u2019<br \/>\n\u00c9 autora da Estante Tao, Sof\u00e1 Work, Rest &amp; Play, Biombo, e co-autora das Linhas Benjamim, Block e Family.&#8221;][\/team_member][divider line_type=&#8221;No Line&#8221; custom_height=&#8221;30&#8243;][team_member image_url=&#8221;1765&#8243; bio_alt_image_url=&#8221;1765&#8243; team_memeber_style=&#8221;bio_fullscreen_alt&#8221; image_loading=&#8221;lazy-load&#8221; team_member_bio_full_html=&#8221;simple&#8221; name=&#8221;Francisco Cardoso&#8221; team_member_mini_bio=&#8221;Francisco Cardoso \u00e9 do Porto e tem uma licenciatura em Design Industrial pela ESAD &#8211; Escola Superior de Arte e Design.&#8221; team_member_bio=&#8221;Francisco Cardoso \u00e9 do Porto e tem uma licenciatura em Design Industrial pela ESAD &#8211; Escola Superior de Arte e Design. Francisco \u00e9 um designer experiente, com vastos conhecimentos da ind\u00fastria do mobili\u00e1rio, tendo estado envolvido na cria\u00e7\u00e3o e desenvolvimento de produtos para v\u00e1rias marcas de m\u00f3veis. Nos \u00faltimos anos, especializou-se no design de cadeiras.<\/p>\n<p>\u201cSer designer \u00e9 gratificante quando conseguimos democratizar o design.\u201d<\/p>\n<p>Criou a linha Frame e as cadeiras Arco e Rola, para a cole\u00e7\u00e3o da Boa Safra.&#8221;][\/team_member][divider line_type=&#8221;No Line&#8221; custom_height=&#8221;30&#8243;][team_member image_url=&#8221;1763&#8243; bio_alt_image_url=&#8221;1763&#8243; team_memeber_style=&#8221;bio_fullscreen_alt&#8221; image_loading=&#8221;lazy-load&#8221; team_member_bio_full_html=&#8221;simple&#8221; name=&#8221;Daniel Pera&#8221; team_member_mini_bio=&#8221;Daniel Pera \u00e9 de Lisboa e tem uma licenciatura em Design de Produto pela Faculdade de Arquitetura da Universidade T\u00e9cnica de Lisboa.&#8221; team_member_bio=&#8221;Daniel Pera \u00e9 de Lisboa e tem uma licenciatura em Design de Produto pela Faculdade de Arquitetura da Universidade T\u00e9cnica de Lisboa. Ao longo dos anos, Daniel desenvolveu trabalho em v\u00e1rias \u00e1reas, como ilumina\u00e7\u00e3o, mobili\u00e1rio, porcelana e barro. Criou a marca Bisarro, um projeto inovador focado na cria\u00e7\u00e3o de pe\u00e7as decorativas em barro preto, valorizando esta arte secular e as pessoas envolvidas nela.<\/p>\n<p>\u201cA minha maior paix\u00e3o \u00e9 a conex\u00e3o e a intera\u00e7\u00e3o com as pessoas \u00e0 minha volta. (\u2026) Ver como a minha paix\u00e3o pode intervir no design e como o design estimula o meu pensamento criativo e o processo conceptual e funcional.\u201d<\/p>\n<p>\u00c9 co-autor da linha Block e Family.&#8221;][\/team_member][\/vc_column_inner][vc_column_inner column_padding=&#8221;no-extra-padding&#8221; column_padding_tablet=&#8221;inherit&#8221; column_padding_phone=&#8221;inherit&#8221; column_padding_position=&#8221;all&#8221; column_element_direction_desktop=&#8221;default&#8221; column_element_spacing=&#8221;default&#8221; desktop_text_alignment=&#8221;default&#8221; tablet_text_alignment=&#8221;default&#8221; phone_text_alignment=&#8221;default&#8221; background_color_opacity=&#8221;1&#8243; background_hover_color_opacity=&#8221;1&#8243; column_backdrop_filter=&#8221;none&#8221; column_shadow=&#8221;none&#8221; column_border_radius=&#8221;none&#8221; column_link_target=&#8221;_self&#8221; overflow=&#8221;visible&#8221; gradient_direction=&#8221;left_to_right&#8221; overlay_strength=&#8221;0.3&#8243; width=&#8221;1\/3&#8243; tablet_width_inherit=&#8221;default&#8221; animation_type=&#8221;default&#8221; enable_animation=&#8221;true&#8221; animation=&#8221;fade-in-from-bottom&#8221; animation_easing=&#8221;default&#8221; bg_image_animation=&#8221;none&#8221; border_type=&#8221;simple&#8221; column_border_width=&#8221;none&#8221; column_border_style=&#8221;solid&#8221;][team_member image_url=&#8221;1762&#8243; bio_alt_image_url=&#8221;1762&#8243; team_memeber_style=&#8221;bio_fullscreen_alt&#8221; image_loading=&#8221;lazy-load&#8221; team_member_bio_full_html=&#8221;simple&#8221; name=&#8221;Carlos Aguiar&#8221; team_member_mini_bio=&#8221;Carlos Aguiar \u00e9 dos designers portugueses mais premiados. Recebeu v\u00e1rios pr\u00e9mios, de entre os quais o Red Dot, IF-Gold, Good Design G-Mark.&#8221; team_member_bio=&#8221;Carlos Aguiar \u00e9 dos designers portugueses mais premiados. Recebeu v\u00e1rios pr\u00e9mios, de entre os quais o Red Dot, IF-Gold, Good Design G-Mark. Det\u00e9m 8 patentes e desenvolveu mais de 300 produtos. \u00c9 do Porto e tem uma licenciatura em Engenharia Mec\u00e2nica e Design Industrial pela Universidade do Porto. Trabalha regularmente como consultor de design, desenvolvendo estrat\u00e9gias globais para v\u00e1rias empresas.<br \/>\nDesenhou a cadeira Monsaraz para a Boa Safra.<\/p>\n<p>\u201cO design deve responder a uma ordem, \u00e0 estrat\u00e9gia definida pela empresa.\u201d&#8221;][\/team_member][divider line_type=&#8221;No Line&#8221; custom_height=&#8221;30&#8243;][team_member image_url=&#8221;1767&#8243; bio_alt_image_url=&#8221;1767&#8243; team_memeber_style=&#8221;bio_fullscreen_alt&#8221; image_loading=&#8221;lazy-load&#8221; team_member_bio_full_html=&#8221;simple&#8221; name=&#8221;Ivo Rodrigues&#8221; team_member_mini_bio=&#8221;Ivo Rodrigues \u00e9 natural de Lisboa e licenciado em Design de Equipamento pela Faculdade de Belas-Artes da Universidade de Lisboa.&#8221; team_member_bio=&#8221;Ivo Rodrigues \u00e9 natural de Lisboa e licenciado em Design de Equipamento pela Faculdade de Belas-Artes da Universidade de Lisboa.<br \/>\nO seu percurso profissional come\u00e7ou com colabora\u00e7\u00f5es com o designer Raul Cunca e, mais tarde, com Miguel Vieira Baptista, a startup Sensei e a marca Ghome.<br \/>\nFoi cofundador do projecto HIFENHIFEN \u2013 Leather Wallets e assumiu fun\u00e7\u00f5es como director criativo em empresas de ortopedia t\u00e9cnica, como a Mycinetics.<br \/>\nPara al\u00e9m de ser designer de produto, tamb\u00e9m fotografa e desenha e actualmente e lecciona na ESAD.CR do Polit\u00e9cnico de Leiria.<\/p>\n<p>Para a Boa Safra criou o sistema de Prateleiras Here!<\/p>\n<p>\u201cN\u00e3o gosto de falar sobre design. Gosto que o design fale por si.\u201d&#8221;][\/team_member][\/vc_column_inner][vc_column_inner column_padding=&#8221;padding-4-percent&#8221; column_padding_tablet=&#8221;inherit&#8221; column_padding_phone=&#8221;inherit&#8221; column_padding_position=&#8221;top-bottom&#8221; column_element_direction_desktop=&#8221;default&#8221; column_element_spacing=&#8221;default&#8221; desktop_text_alignment=&#8221;default&#8221; tablet_text_alignment=&#8221;default&#8221; phone_text_alignment=&#8221;default&#8221; background_color_opacity=&#8221;1&#8243; background_hover_color_opacity=&#8221;1&#8243; column_backdrop_filter=&#8221;none&#8221; column_shadow=&#8221;none&#8221; column_border_radius=&#8221;none&#8221; column_link_target=&#8221;_self&#8221; overflow=&#8221;visible&#8221; gradient_direction=&#8221;left_to_right&#8221; overlay_strength=&#8221;0.3&#8243; width=&#8221;1\/3&#8243; tablet_width_inherit=&#8221;default&#8221; animation_type=&#8221;default&#8221; enable_animation=&#8221;true&#8221; animation=&#8221;fade-in-from-bottom&#8221; animation_easing=&#8221;default&#8221; bg_image_animation=&#8221;none&#8221; border_type=&#8221;simple&#8221; column_border_width=&#8221;none&#8221; column_border_style=&#8221;solid&#8221; delay=&#8221;100&#8243;][team_member image_url=&#8221;1770&#8243; bio_alt_image_url=&#8221;1770&#8243; team_memeber_style=&#8221;bio_fullscreen_alt&#8221; image_loading=&#8221;lazy-load&#8221; team_member_bio_full_html=&#8221;simple&#8221; name=&#8221;Lu\u00eds Carvalho&#8221; team_member_mini_bio=&#8221;Desde pequeno sentia curiosidade por saber como tudo era feito. Desmontava e montava os brinquedos para perceber os seus segredos. Aprendeu carpintaria e design de mobili\u00e1rio com o av\u00f4 e, mais tarde, no IADE.&#8221; team_member_bio=&#8221;Desde pequeno sentia curiosidade por saber como tudo era feito. Desmontava e montava os brinquedos para perceber os seus segredos. Aprendeu carpintaria e design de mobili\u00e1rio com o av\u00f4 e, mais tarde, no IADE.<br \/>\nIniciou o percurso como designer e co-fundador da marca Bombaamor, e foi o criador da Linha Benjamim e da mesa Pinewood \u2014 pe\u00e7as ainda hoje em comercializa\u00e7\u00e3o na Boa Safra, desde o in\u00edcio da marca.<br \/>\nA liga\u00e7\u00e3o ao mar e o gosto pela cria\u00e7\u00e3o manual levaram-no a unir duas paix\u00f5es: o design e o shaping de pranchas de surf. Atualmente, desenvolve pranchas para Garrett McNamara, para a Starboard \u2014 a mais reconhecida marca mundial de pranchas de SUP \u2014 e para a Rivver, marca alem\u00e3 especializada em pranchas de surf de rio.<\/p>\n<p>\u201cAdoro aquele lado da vida onde descoberta, inven\u00e7\u00e3o, funcionalidade, divers\u00e3o e mente aberta coexistem.\u201d<\/p>\n<p>Criou em co-autoria a linha Benjamim e a mesa Pinewood&#8221;][\/team_member][divider line_type=&#8221;No Line&#8221; custom_height=&#8221;30&#8243;][team_member image_url=&#8221;1738&#8243; bio_alt_image_url=&#8221;1738&#8243; team_memeber_style=&#8221;bio_fullscreen_alt&#8221; image_loading=&#8221;lazy-load&#8221; team_member_bio_full_html=&#8221;simple&#8221; name=&#8221;Samuel Pinto&#8221; team_member_mini_bio=&#8221;\u00c9 natural de Almeida e licenciado em Arquitectura pela Faculdade de Arquitectura da Universidade do Porto.&#8221; team_member_bio=&#8221;\u00c9 natural de Almeida e licenciado em Arquitectura pela Faculdade de Arquitectura da Universidade do Porto.<br \/>\nAp\u00f3s uma experi\u00eancia como freelancer, regressou \u00e0 terra natal em 2014 para se dedicar ao neg\u00f3cio familiar de marcenaria. Um ano depois, fundou o Noema Collective\u00ae \u2014 um projecto que cruza produ\u00e7\u00e3o local, saber artesanal e colabora\u00e7\u00e3o com jovens criadores.<br \/>\nCoordena actualmente a marca e acompanha de perto todo o processo \u2014 do desenho \u00e0 constru\u00e7\u00e3o.<\/p>\n<p>Cria e produz o Banco 3 Patas para a cole\u00e7\u00e3o Boa Safra<\/p>\n<p>\u201cO noema difere do objecto em si; por exemplo, o objecto da percep\u00e7\u00e3o de uma \u00e1rvore \u00e9 uma \u00e1rvore, mas o noema dessa percep\u00e7\u00e3o \u00e9 o complexo composto pelos predicados e modos de ser, dados pela experi\u00eancia individual e n\u00e3o transmiss\u00edvel do sujeito, ou seja, a \u00e1rvore subjectiva (verde, iluminada, n\u00e3o iluminada, percebida, lembrada, etc)\u2026\u201d&#8221;][\/team_member][\/vc_column_inner][\/vc_row_inner][\/vc_column][\/vc_row]\n","protected":false},"excerpt":{"rendered":"<p>[vc_row type=&#8221;full_width_background&#8221; full_screen_row_position=&#8221;middle&#8221; column_margin=&#8221;default&#8221; column_direction=&#8221;default&#8221; column_direction_tablet=&#8221;default&#8221; column_direction_phone=&#8221;default&#8221; scene_position=&#8221;center&#8221; top_padding=&#8221;6%&#8221; bottom_padding=&#8221;6%&#8221; left_padding_desktop=&#8221;8%&#8221; right_padding_desktop=&#8221;8%&#8221; text_color=&#8221;dark&#8221; text_align=&#8221;left&#8221; row_border_radius=&#8221;none&#8221; row_border_radius_applies=&#8221;bg&#8221; overflow=&#8221;visible&#8221; overlay_strength=&#8221;0.3&#8243; gradient_direction=&#8221;left_to_right&#8221; shape_divider_position=&#8221;bottom&#8221; bg_image_animation=&#8221;none&#8221; shape_type=&#8221;&#8221; gradient_type=&#8221;default&#8221;][vc_column column_padding=&#8221;no-extra-padding&#8221; column_padding_tablet=&#8221;inherit&#8221; column_padding_phone=&#8221;inherit&#8221; column_padding_position=&#8221;all&#8221; column_element_direction_desktop=&#8221;default&#8221; column_element_spacing=&#8221;default&#8221; desktop_text_alignment=&#8221;default&#8221;&#8230;<\/p>\n","protected":false},"author":1,"featured_media":0,"parent":0,"menu_order":0,"comment_status":"closed","ping_status":"closed","template":"","meta":{"footnotes":""},"class_list":["post-3504","page","type-page","status-publish"],"jetpack_sharing_enabled":true,"_links":{"self":[{"href":"https:\/\/boasafra.pt\/pt-pt\/wp-json\/wp\/v2\/pages\/3504","targetHints":{"allow":["GET"]}}],"collection":[{"href":"https:\/\/boasafra.pt\/pt-pt\/wp-json\/wp\/v2\/pages"}],"about":[{"href":"https:\/\/boasafra.pt\/pt-pt\/wp-json\/wp\/v2\/types\/page"}],"author":[{"embeddable":true,"href":"https:\/\/boasafra.pt\/pt-pt\/wp-json\/wp\/v2\/users\/1"}],"replies":[{"embeddable":true,"href":"https:\/\/boasafra.pt\/pt-pt\/wp-json\/wp\/v2\/comments?post=3504"}],"version-history":[{"count":5,"href":"https:\/\/boasafra.pt\/pt-pt\/wp-json\/wp\/v2\/pages\/3504\/revisions"}],"predecessor-version":[{"id":4186,"href":"https:\/\/boasafra.pt\/pt-pt\/wp-json\/wp\/v2\/pages\/3504\/revisions\/4186"}],"wp:attachment":[{"href":"https:\/\/boasafra.pt\/pt-pt\/wp-json\/wp\/v2\/media?parent=3504"}],"curies":[{"name":"wp","href":"https:\/\/api.w.org\/{rel}","templated":true}]}}