{"id":3769,"date":"2025-03-27T14:45:28","date_gmt":"2025-03-27T14:45:28","guid":{"rendered":"https:\/\/cwfekplzyh.onrocket.site\/produto\/cadeira-cod\/"},"modified":"2025-03-27T14:45:28","modified_gmt":"2025-03-27T14:45:28","slug":"cadeira-cod","status":"publish","type":"product","link":"https:\/\/boasafra.pt\/pt-pt\/produto\/cadeira-cod\/","title":{"rendered":"Cadeira Cod"},"content":{"rendered":"","protected":false},"excerpt":{"rendered":"<p>Um Cl\u00e1ssico com Desconto!<br \/>\nUm cl\u00e1ssico, \u00faltimas unidades em promo\u00e7\u00e3o. Uma oportunidade para ter a Cod Chair. <\/p>\n","protected":false},"featured_media":3376,"template":"","meta":[],"product_brand":[],"product_cat":[63],"product_tag":[65],"class_list":{"0":"post-3769","1":"product","2":"type-product","3":"status-publish","4":"has-post-thumbnail","6":"product_cat-segunda-vida","7":"product_tag-usado","9":"first","10":"instock","11":"sale","12":"shipping-taxable","13":"purchasable","14":"product-type-simple"},"jetpack_sharing_enabled":true,"_links":{"self":[{"href":"https:\/\/boasafra.pt\/pt-pt\/wp-json\/wp\/v2\/product\/3769","targetHints":{"allow":["GET"]}}],"collection":[{"href":"https:\/\/boasafra.pt\/pt-pt\/wp-json\/wp\/v2\/product"}],"about":[{"href":"https:\/\/boasafra.pt\/pt-pt\/wp-json\/wp\/v2\/types\/product"}],"wp:featuredmedia":[{"embeddable":true,"href":"https:\/\/boasafra.pt\/pt-pt\/wp-json\/wp\/v2\/media\/3376"}],"wp:attachment":[{"href":"https:\/\/boasafra.pt\/pt-pt\/wp-json\/wp\/v2\/media?parent=3769"}],"wp:term":[{"taxonomy":"product_brand","embeddable":true,"href":"https:\/\/boasafra.pt\/pt-pt\/wp-json\/wp\/v2\/product_brand?post=3769"},{"taxonomy":"product_cat","embeddable":true,"href":"https:\/\/boasafra.pt\/pt-pt\/wp-json\/wp\/v2\/product_cat?post=3769"},{"taxonomy":"product_tag","embeddable":true,"href":"https:\/\/boasafra.pt\/pt-pt\/wp-json\/wp\/v2\/product_tag?post=3769"}],"curies":[{"name":"wp","href":"https:\/\/api.w.org\/{rel}","templated":true}]}}