{"id":3770,"date":"2025-03-27T14:44:19","date_gmt":"2025-03-27T14:44:19","guid":{"rendered":"https:\/\/cwfekplzyh.onrocket.site\/produto\/armario-planta\/"},"modified":"2025-03-27T14:44:19","modified_gmt":"2025-03-27T14:44:19","slug":"armario-planta","status":"publish","type":"product","link":"https:\/\/boasafra.pt\/pt-pt\/produto\/armario-planta\/","title":{"rendered":"Arm\u00e1rio Planta"},"content":{"rendered":"","protected":false},"excerpt":{"rendered":"<p>Edi\u00e7\u00e3o Exclusiva \u2013 Primeira S\u00e9rie Dispon\u00edvel!<br \/>\nN\u00e3o perca a oportunidade de ter o Arm\u00e1rio Plant original, agora com um pre\u00e7o especial. Uma pe\u00e7a de cole\u00e7\u00e3o ao seu alcance.<\/p>\n","protected":false},"featured_media":3384,"template":"","meta":[],"product_brand":[],"product_cat":[63],"product_tag":[65],"class_list":{"0":"post-3770","1":"product","2":"type-product","3":"status-publish","4":"has-post-thumbnail","6":"product_cat-segunda-vida","7":"product_tag-usado","9":"first","10":"instock","11":"sale","12":"shipping-taxable","13":"purchasable","14":"product-type-simple"},"jetpack_sharing_enabled":true,"_links":{"self":[{"href":"https:\/\/boasafra.pt\/pt-pt\/wp-json\/wp\/v2\/product\/3770","targetHints":{"allow":["GET"]}}],"collection":[{"href":"https:\/\/boasafra.pt\/pt-pt\/wp-json\/wp\/v2\/product"}],"about":[{"href":"https:\/\/boasafra.pt\/pt-pt\/wp-json\/wp\/v2\/types\/product"}],"wp:featuredmedia":[{"embeddable":true,"href":"https:\/\/boasafra.pt\/pt-pt\/wp-json\/wp\/v2\/media\/3384"}],"wp:attachment":[{"href":"https:\/\/boasafra.pt\/pt-pt\/wp-json\/wp\/v2\/media?parent=3770"}],"wp:term":[{"taxonomy":"product_brand","embeddable":true,"href":"https:\/\/boasafra.pt\/pt-pt\/wp-json\/wp\/v2\/product_brand?post=3770"},{"taxonomy":"product_cat","embeddable":true,"href":"https:\/\/boasafra.pt\/pt-pt\/wp-json\/wp\/v2\/product_cat?post=3770"},{"taxonomy":"product_tag","embeddable":true,"href":"https:\/\/boasafra.pt\/pt-pt\/wp-json\/wp\/v2\/product_tag?post=3770"}],"curies":[{"name":"wp","href":"https:\/\/api.w.org\/{rel}","templated":true}]}}