{"id":3771,"date":"2025-03-27T14:42:28","date_gmt":"2025-03-27T14:42:28","guid":{"rendered":"https:\/\/cwfekplzyh.onrocket.site\/produto\/mesa-de-centro-in-themiddle\/"},"modified":"2026-02-23T15:30:41","modified_gmt":"2026-02-23T15:30:41","slug":"mesa-de-centro-in-themiddle","status":"publish","type":"product","link":"https:\/\/boasafra.pt\/pt-pt\/produto\/mesa-de-centro-in-themiddle\/","title":{"rendered":"Mesa de centro In Themiddle"},"content":{"rendered":"","protected":false},"excerpt":{"rendered":"<p>Mesa de Centro em Campanha!<br \/>\nA mesa InTheMiddle \u00e9 uma pe\u00e7a intemporal em madeira de nogueira, pensada para reunir e criar liga\u00e7\u00e3o.<\/p>\n","protected":false},"featured_media":3431,"template":"","meta":[],"product_brand":[],"product_cat":[63],"product_tag":[65],"class_list":{"0":"post-3771","1":"product","2":"type-product","3":"status-publish","4":"has-post-thumbnail","6":"product_cat-segunda-vida","7":"product_tag-usado","9":"first","10":"instock","11":"sale","12":"shipping-taxable","13":"purchasable","14":"product-type-simple"},"jetpack_sharing_enabled":true,"_links":{"self":[{"href":"https:\/\/boasafra.pt\/pt-pt\/wp-json\/wp\/v2\/product\/3771","targetHints":{"allow":["GET"]}}],"collection":[{"href":"https:\/\/boasafra.pt\/pt-pt\/wp-json\/wp\/v2\/product"}],"about":[{"href":"https:\/\/boasafra.pt\/pt-pt\/wp-json\/wp\/v2\/types\/product"}],"wp:featuredmedia":[{"embeddable":true,"href":"https:\/\/boasafra.pt\/pt-pt\/wp-json\/wp\/v2\/media\/3431"}],"wp:attachment":[{"href":"https:\/\/boasafra.pt\/pt-pt\/wp-json\/wp\/v2\/media?parent=3771"}],"wp:term":[{"taxonomy":"product_brand","embeddable":true,"href":"https:\/\/boasafra.pt\/pt-pt\/wp-json\/wp\/v2\/product_brand?post=3771"},{"taxonomy":"product_cat","embeddable":true,"href":"https:\/\/boasafra.pt\/pt-pt\/wp-json\/wp\/v2\/product_cat?post=3771"},{"taxonomy":"product_tag","embeddable":true,"href":"https:\/\/boasafra.pt\/pt-pt\/wp-json\/wp\/v2\/product_tag?post=3771"}],"curies":[{"name":"wp","href":"https:\/\/api.w.org\/{rel}","templated":true}]}}